{"id":1805,"date":"2025-09-28T07:38:40","date_gmt":"2025-09-28T07:38:40","guid":{"rendered":"https:\/\/soundtonenergy.com\/?page_id=1805"},"modified":"2025-09-28T07:41:42","modified_gmt":"2025-09-28T07:41:42","slug":"bess-cho-thi-truong-dan-dung","status":"publish","type":"page","link":"https:\/\/soundtonenergy.com\/?page_id=1805","title":{"rendered":"BESS cho th\u1ecb tr\u01b0\u1eddng d\u00e2n d\u1ee5ng"},"content":{"rendered":"\t\t<div data-elementor-type=\"wp-page\" data-elementor-id=\"1805\" class=\"elementor elementor-1805\" data-elementor-post-type=\"page\">\n\t\t\t\t<div class=\"aux-parallax-section has_ae_slider elementor-element elementor-element-70849f4e e-flex e-con-boxed ae-bg-gallery-type-default e-con e-parent\" data-particle_enable=\"false\" data-particle-mobile-disabled=\"false\" data-id=\"70849f4e\" data-element_type=\"container\" id=\"xs_blog_light_post_img_8\" data-settings=\"{&quot;background_background&quot;:&quot;classic&quot;}\">\n\t\t\t\t\t<div class=\"e-con-inner\">\n\t\t\t\t<div class=\"elementor-element elementor-element-5afb8188 elementor-widget elementor-widget-elementskit-heading\" data-id=\"5afb8188\" data-element_type=\"widget\" data-widget_type=\"elementskit-heading.default\">\n\t\t\t\t<div class=\"elementor-widget-container\">\n\t\t\t\t\t<div class=\"ekit-wid-con\" ><div class=\"ekit-heading elementskit-section-title-wraper center   ekit_heading_tablet-   ekit_heading_mobile-\"><h2 class=\"ekit-heading--title elementskit-section-title \">BESS cho th\u1ecb tr\u01b0\u1eddng d\u00e2n d\u1ee5ng<\/h2><div class=\"ekit_heading_separetor_wraper ekit_heading_elementskit-border-divider ekit-dotted\"><div class=\"elementskit-border-divider ekit-dotted\"><\/div><\/div>\t\t\t\t<div class='ekit-heading__description'>\n\t\t\t\t\t<p>H\u1ec7 th\u1ed1ng l\u01b0u tr\u1eef n\u0103ng l\u01b0\u1ee3ng d\u00e0nh cho h\u1ed9 gia \u0111\u00ecnh th\u01b0\u1eddng \u0111\u01b0\u1ee3c t\u00edch h\u1ee3p c\u00f9ng \u0111i\u1ec7n m\u1eb7t tr\u1eddi \u00e1p m\u00e1i nh\u1eb1m t\u1ed1i \u01b0u chi ph\u00ed s\u1eed d\u1ee5ng \u0111i\u1ec7n. Gi\u1ea3i ph\u00e1p n\u00e0y cho ph\u00e9p l\u01b0u tr\u1eef ngu\u1ed3n n\u0103ng l\u01b0\u1ee3ng m\u1eb7t tr\u1eddi v\u00e0o ban ng\u00e0y \u0111\u1ec3 s\u1eed d\u1ee5ng v\u00e0o bu\u1ed5i t\u1ed1i, ho\u1eb7c t\u00edch tr\u1eef \u0111i\u1ec7n trong gi\u1edd th\u1ea5p \u0111i\u1ec3m v\u00e0 ph\u00e1t ra v\u00e0o gi\u1edd cao \u0111i\u1ec3m. Ch\u00fang t\u00f4i mang \u0111\u1ebfn gi\u1ea3i ph\u00e1p to\u00e0n di\u1ec7n cho h\u1ed9 d\u00e2n, doanh nghi\u1ec7p v\u00e0 c\u00e1c m\u00f4 h\u00ecnh kinh doanh c\u00e1 th\u1ec3 nh\u01b0 homestay, retreat \u2013 nh\u1eefng \u0111\u01a1n v\u1ecb c\u00f3 nhu c\u1ea7u s\u1eed d\u1ee5ng \u0111i\u1ec7n li\u00ean t\u1ee5c 24\/24, gi\u00fap ti\u1ebft ki\u1ec7m \u0111\u1ebfn 50% chi ph\u00ed n\u0103ng l\u01b0\u1ee3ng<\/p>\n\t\t\t\t<\/div>\n\t\t\t<\/div><\/div>\t\t\t\t<\/div>\n\t\t\t\t<\/div>\n\t\t\t\t\t<\/div>\n\t\t\t\t<\/div>\n\t\t<div class=\"aux-parallax-section has_ae_slider elementor-element elementor-element-932023e e-flex e-con-boxed ae-bg-gallery-type-default e-con e-parent\" data-particle_enable=\"false\" data-particle-mobile-disabled=\"false\" data-id=\"932023e\" data-element_type=\"container\">\n\t\t\t\t\t<div class=\"e-con-inner\">\n\t\t\t\t<div class=\"elementor-element elementor-element-ffb7845 elementor-widget elementor-widget-aux_product_grid\" data-id=\"ffb7845\" data-element_type=\"widget\" data-settings=\"{&quot;columns&quot;:&quot;4&quot;}\" data-widget_type=\"aux_product_grid.default\">\n\t\t\t\t<div class=\"elementor-widget-container\">\n\t\t\t\t\t<div class='woocommerce woocommerce-page aux-shop-archive'><ul class=\"products columns-4\">\n<li class=\"product type-product post-1071 status-publish first outofstock product_cat-bess-cho-thi-truong-dan-dung has-post-thumbnail virtual product-type-simple aux-remove-view-cart\">\n\t<a href=\"https:\/\/soundtonenergy.com\/?product=bess-dan-dung-xep-chong-cong-suat-15kwh\" class=\"woocommerce-LoopProduct-link woocommerce-loop-product__link\"><img decoding=\"async\" width=\"291\" height=\"163\" src=\"https:\/\/soundtonenergy.com\/wp-content\/uploads\/2025\/09\/Anh6.jpg\" class=\"attachment-woocommerce_thumbnail size-woocommerce_thumbnail\" alt=\"BESS D\u00e2n D\u1ee5ng X\u1ebfp Ch\u1ed3ng C\u00f4ng Su\u1ea5t 15KWh\" srcset=\"https:\/\/soundtonenergy.com\/wp-content\/uploads\/2025\/09\/Anh6.jpg 291w, https:\/\/soundtonenergy.com\/wp-content\/uploads\/2025\/09\/Anh6-200x112.jpg 200w\" sizes=\"(max-width: 291px) 100vw, 291px\" \/><a href=\"https:\/\/soundtonenergy.com\/?product=bess-dan-dung-xep-chong-cong-suat-15kwh\"><h2 class=\"woocommerce-loop-product__title\">BESS D\u00e2n D\u1ee5ng X\u1ebfp Ch\u1ed3ng C\u00f4ng Su\u1ea5t 15KWh<\/h2><\/a>\n<\/a><a href=\"https:\/\/soundtonenergy.com\/?product=bess-dan-dung-xep-chong-cong-suat-15kwh\" aria-describedby=\"woocommerce_loop_add_to_cart_link_describedby_1071\" data-quantity=\"1\" class=\"button aux-ajax-add-to-cart product_type_simple\" data-product_id=\"1071\" data-product_sku=\"\" aria-label=\"\u0110\u1ecdc th\u00eam v\u1ec1 &ldquo;BESS D\u00e2n D\u1ee5ng X\u1ebfp Ch\u1ed3ng C\u00f4ng Su\u1ea5t 15KWh&rdquo;\" rel=\"nofollow\" data-success_message=\"\" data-product-type=\"simple\" data-verify_nonce=\"ff1df1cdb1\">\u0110\u1ecdc ti\u1ebfp<\/a>\t<span id=\"woocommerce_loop_add_to_cart_link_describedby_1071\" class=\"screen-reader-text\">\n\t\t\t<\/span>\n<\/li>\n<li class=\"product type-product post-1065 status-publish outofstock product_cat-bess-cho-thi-truong-dan-dung has-post-thumbnail virtual product-type-simple aux-remove-view-cart\">\n\t<a href=\"https:\/\/soundtonenergy.com\/?product=he-thong-luu-tru-nang-luong-bess-cong-suat-430kwh\" class=\"woocommerce-LoopProduct-link woocommerce-loop-product__link\"><img fetchpriority=\"high\" decoding=\"async\" width=\"300\" height=\"300\" src=\"https:\/\/soundtonenergy.com\/wp-content\/uploads\/2025\/09\/ChatGPT-Image-13_22_32-28-thg-9-2025-300x300.png\" class=\"attachment-woocommerce_thumbnail size-woocommerce_thumbnail\" alt=\"BESS D\u00e2n D\u1ee5ng Treo T\u01b0\u1eddng C\u00f4ng Su\u1ea5t 5.12KWh\" srcset=\"https:\/\/soundtonenergy.com\/wp-content\/uploads\/2025\/09\/ChatGPT-Image-13_22_32-28-thg-9-2025-300x300.png 300w, https:\/\/soundtonenergy.com\/wp-content\/uploads\/2025\/09\/ChatGPT-Image-13_22_32-28-thg-9-2025-1024x1024.png 1024w, https:\/\/soundtonenergy.com\/wp-content\/uploads\/2025\/09\/ChatGPT-Image-13_22_32-28-thg-9-2025-150x150.png 150w, https:\/\/soundtonenergy.com\/wp-content\/uploads\/2025\/09\/ChatGPT-Image-13_22_32-28-thg-9-2025-768x768.png 768w, https:\/\/soundtonenergy.com\/wp-content\/uploads\/2025\/09\/ChatGPT-Image-13_22_32-28-thg-9-2025-100x100.png 100w\" sizes=\"(max-width: 300px) 100vw, 300px\" \/><a href=\"https:\/\/soundtonenergy.com\/?product=he-thong-luu-tru-nang-luong-bess-cong-suat-430kwh\"><h2 class=\"woocommerce-loop-product__title\">BESS D\u00e2n D\u1ee5ng Treo T\u01b0\u1eddng C\u00f4ng Su\u1ea5t 5.12KWh<\/h2><\/a>\n<\/a><a href=\"https:\/\/soundtonenergy.com\/?product=he-thong-luu-tru-nang-luong-bess-cong-suat-430kwh\" aria-describedby=\"woocommerce_loop_add_to_cart_link_describedby_1065\" data-quantity=\"1\" class=\"button aux-ajax-add-to-cart product_type_simple\" data-product_id=\"1065\" data-product_sku=\"\" aria-label=\"\u0110\u1ecdc th\u00eam v\u1ec1 &ldquo;BESS D\u00e2n D\u1ee5ng Treo T\u01b0\u1eddng C\u00f4ng Su\u1ea5t 5.12KWh&rdquo;\" rel=\"nofollow\" data-success_message=\"\" data-product-type=\"simple\" data-verify_nonce=\"55cbfa5a40\">\u0110\u1ecdc ti\u1ebfp<\/a>\t<span id=\"woocommerce_loop_add_to_cart_link_describedby_1065\" class=\"screen-reader-text\">\n\t\t\t<\/span>\n<\/li>\n<\/ul>\n<\/div>\t\t\t\t<\/div>\n\t\t\t\t<\/div>\n\t\t\t\t\t<\/div>\n\t\t\t\t<\/div>\n\t\t\t\t<\/div>\n\t\t","protected":false},"excerpt":{"rendered":"<p>BESS cho th\u1ecb tr\u01b0\u1eddng d\u00e2n d\u1ee5ng H\u1ec7 th\u1ed1ng l\u01b0u tr\u1eef n\u0103ng l\u01b0\u1ee3ng d\u00e0nh cho h\u1ed9 gia \u0111\u00ecnh th\u01b0\u1eddng \u0111\u01b0\u1ee3c t\u00edch h\u1ee3p c\u00f9ng \u0111i\u1ec7n m\u1eb7t tr\u1eddi \u00e1p m\u00e1i nh\u1eb1m t\u1ed1i \u01b0u chi ph\u00ed s\u1eed d\u1ee5ng \u0111i\u1ec7n. Gi\u1ea3i ph\u00e1p n\u00e0y cho ph\u00e9p l\u01b0u tr\u1eef ngu\u1ed3n n\u0103ng l\u01b0\u1ee3ng m\u1eb7t tr\u1eddi v\u00e0o ban ng\u00e0y \u0111\u1ec3 s\u1eed d\u1ee5ng v\u00e0o bu\u1ed5i [&hellip;]<\/p>\n","protected":false},"author":2,"featured_media":0,"parent":1088,"menu_order":0,"comment_status":"closed","ping_status":"closed","template":"elementor_header_footer","meta":{"_eb_attr":"","footnotes":""},"class_list":["post-1805","page","type-page","status-publish","hentry"],"_links":{"self":[{"href":"https:\/\/soundtonenergy.com\/index.php?rest_route=\/wp\/v2\/pages\/1805","targetHints":{"allow":["GET"]}}],"collection":[{"href":"https:\/\/soundtonenergy.com\/index.php?rest_route=\/wp\/v2\/pages"}],"about":[{"href":"https:\/\/soundtonenergy.com\/index.php?rest_route=\/wp\/v2\/types\/page"}],"author":[{"embeddable":true,"href":"https:\/\/soundtonenergy.com\/index.php?rest_route=\/wp\/v2\/users\/2"}],"replies":[{"embeddable":true,"href":"https:\/\/soundtonenergy.com\/index.php?rest_route=%2Fwp%2Fv2%2Fcomments&post=1805"}],"version-history":[{"count":10,"href":"https:\/\/soundtonenergy.com\/index.php?rest_route=\/wp\/v2\/pages\/1805\/revisions"}],"predecessor-version":[{"id":1815,"href":"https:\/\/soundtonenergy.com\/index.php?rest_route=\/wp\/v2\/pages\/1805\/revisions\/1815"}],"up":[{"embeddable":true,"href":"https:\/\/soundtonenergy.com\/index.php?rest_route=\/wp\/v2\/pages\/1088"}],"wp:attachment":[{"href":"https:\/\/soundtonenergy.com\/index.php?rest_route=%2Fwp%2Fv2%2Fmedia&parent=1805"}],"curies":[{"name":"wp","href":"https:\/\/api.w.org\/{rel}","templated":true}]}}