{"id":1816,"date":"2025-09-28T07:42:17","date_gmt":"2025-09-28T07:42:17","guid":{"rendered":"https:\/\/soundtonenergy.com\/?page_id=1816"},"modified":"2025-12-01T08:45:42","modified_gmt":"2025-12-01T08:45:42","slug":"bess-cho-linh-vuc-vien-thong-va-data-center","status":"publish","type":"page","link":"https:\/\/soundtonenergy.com\/?page_id=1816","title":{"rendered":"BESS cho l\u0129nh v\u1ef1c vi\u1ec5n th\u00f4ng v\u00e0 Data Center"},"content":{"rendered":"\t\t<div data-elementor-type=\"wp-page\" data-elementor-id=\"1816\" class=\"elementor elementor-1816\" data-elementor-post-type=\"page\">\n\t\t\t\t<div class=\"aux-parallax-section has_ae_slider elementor-element elementor-element-70849f4e e-flex e-con-boxed ae-bg-gallery-type-default e-con e-parent\" data-particle_enable=\"false\" data-particle-mobile-disabled=\"false\" data-id=\"70849f4e\" data-element_type=\"container\" id=\"xs_blog_light_post_img_8\" data-settings=\"{&quot;background_background&quot;:&quot;classic&quot;}\">\n\t\t\t\t\t<div class=\"e-con-inner\">\n\t\t\t\t<div class=\"elementor-element elementor-element-5afb8188 elementor-widget elementor-widget-elementskit-heading\" data-id=\"5afb8188\" data-element_type=\"widget\" data-widget_type=\"elementskit-heading.default\">\n\t\t\t\t<div class=\"elementor-widget-container\">\n\t\t\t\t\t<div class=\"ekit-wid-con\" ><div class=\"ekit-heading elementskit-section-title-wraper center   ekit_heading_tablet-   ekit_heading_mobile-\"><h2 class=\"ekit-heading--title elementskit-section-title \">BESS cho l\u0129nh v\u1ef1c vi\u1ec5n th\u00f4ng v\u00e0 Data Center<\/h2><div class=\"ekit_heading_separetor_wraper ekit_heading_elementskit-border-divider ekit-dotted\"><div class=\"elementskit-border-divider ekit-dotted\"><\/div><\/div>\t\t\t\t<div class='ekit-heading__description'>\n\t\t\t\t\t<p>H\u1ec7 th\u1ed1ng BESS cho vi\u1ec5n th\u00f4ng \u0111\u01b0\u1ee3c l\u1eafp \u0111\u1eb7t t\u1ea1i c\u00e1c tr\u1ea1m BTS, k\u1ebft h\u1ee3p pin n\u0103ng l\u01b0\u1ee3ng m\u1eb7t tr\u1eddi, mang l\u1ea1i gi\u1ea3i ph\u00e1p ti\u1ebft ki\u1ec7m n\u0103ng l\u01b0\u1ee3ng v\u00e0 gi\u1ea3m r\u1ee7i ro so v\u1edbi vi\u1ec7c ch\u1ec9 ph\u1ee5 thu\u1ed9c v\u00e0o ngu\u1ed3n \u0111i\u1ec7n l\u01b0\u1edbi. \u0110\u1ed3ng th\u1eddi, BESS c\u00f2n thay th\u1ebf hi\u1ec7u qu\u1ea3 cho c\u00e1c lo\u1ea1i pin c\u0169 nh\u01b0 liquid hay UPS nh\u1edd tu\u1ed5i th\u1ecd d\u00e0i v\u00e0 \u0111\u1ed9 \u1ed5n \u0111\u1ecbnh v\u01b0\u1ee3t tr\u1ed9i.<\/p>\n\t\t\t\t<\/div>\n\t\t\t<\/div><\/div>\t\t\t\t<\/div>\n\t\t\t\t<\/div>\n\t\t\t\t\t<\/div>\n\t\t\t\t<\/div>\n\t\t<div class=\"aux-parallax-section has_ae_slider elementor-element elementor-element-932023e e-flex e-con-boxed ae-bg-gallery-type-default e-con e-parent\" data-particle_enable=\"false\" data-particle-mobile-disabled=\"false\" data-id=\"932023e\" data-element_type=\"container\">\n\t\t\t\t\t<div class=\"e-con-inner\">\n\t\t\t\t<div class=\"elementor-element elementor-element-ffb7845 elementor-widget elementor-widget-aux_product_grid\" data-id=\"ffb7845\" data-element_type=\"widget\" data-settings=\"{&quot;columns&quot;:&quot;4&quot;}\" data-widget_type=\"aux_product_grid.default\">\n\t\t\t\t<div class=\"elementor-widget-container\">\n\t\t\t\t\t<div class='woocommerce woocommerce-page aux-shop-archive'><ul class=\"products columns-4\">\n<li class=\"product type-product post-1078 status-publish first outofstock product_cat-bess-cho-linh-vuc-vien-thong-va-data-center has-post-thumbnail virtual product-type-simple aux-remove-view-cart\">\n\t<a href=\"https:\/\/soundtonenergy.com\/?product=bess-dung-cho-data-center-quy-mo-lon-1-3mw\" class=\"woocommerce-LoopProduct-link woocommerce-loop-product__link\"><img fetchpriority=\"high\" decoding=\"async\" width=\"300\" height=\"300\" src=\"https:\/\/soundtonenergy.com\/wp-content\/uploads\/2025\/09\/ChatGPT-Image-13_17_28-28-thg-9-2025-300x300.png\" class=\"attachment-woocommerce_thumbnail size-woocommerce_thumbnail\" alt=\"BESS d\u00f9ng cho Data Center quy m\u00f4 l\u1edbn 1-3MW\" srcset=\"https:\/\/soundtonenergy.com\/wp-content\/uploads\/2025\/09\/ChatGPT-Image-13_17_28-28-thg-9-2025-300x300.png 300w, https:\/\/soundtonenergy.com\/wp-content\/uploads\/2025\/09\/ChatGPT-Image-13_17_28-28-thg-9-2025-1024x1024.png 1024w, https:\/\/soundtonenergy.com\/wp-content\/uploads\/2025\/09\/ChatGPT-Image-13_17_28-28-thg-9-2025-150x150.png 150w, https:\/\/soundtonenergy.com\/wp-content\/uploads\/2025\/09\/ChatGPT-Image-13_17_28-28-thg-9-2025-768x768.png 768w, https:\/\/soundtonenergy.com\/wp-content\/uploads\/2025\/09\/ChatGPT-Image-13_17_28-28-thg-9-2025-100x100.png 100w\" sizes=\"(max-width: 300px) 100vw, 300px\" \/><a href=\"https:\/\/soundtonenergy.com\/?product=bess-dung-cho-data-center-quy-mo-lon-1-3mw\"><h2 class=\"woocommerce-loop-product__title\">BESS d\u00f9ng cho Data Center quy m\u00f4 l\u1edbn 1-3MW<\/h2><\/a>\n<\/a><a href=\"https:\/\/soundtonenergy.com\/?product=bess-dung-cho-data-center-quy-mo-lon-1-3mw\" aria-describedby=\"woocommerce_loop_add_to_cart_link_describedby_1078\" data-quantity=\"1\" class=\"button aux-ajax-add-to-cart product_type_simple\" data-product_id=\"1078\" data-product_sku=\"\" aria-label=\"\u0110\u1ecdc th\u00eam v\u1ec1 &ldquo;BESS d\u00f9ng cho Data Center quy m\u00f4 l\u1edbn 1-3MW&rdquo;\" rel=\"nofollow\" data-success_message=\"\" data-product-type=\"simple\" data-verify_nonce=\"eda29eb9e7\">\u0110\u1ecdc ti\u1ebfp<\/a>\t<span id=\"woocommerce_loop_add_to_cart_link_describedby_1078\" class=\"screen-reader-text\">\n\t\t\t<\/span>\n<\/li>\n<li class=\"product type-product post-1076 status-publish outofstock product_cat-bess-cho-linh-vuc-vien-thong-va-data-center has-post-thumbnail virtual product-type-simple aux-remove-view-cart\">\n\t<a href=\"https:\/\/soundtonenergy.com\/?product=bess-trong-linh-vuc-vien-thong\" class=\"woocommerce-LoopProduct-link woocommerce-loop-product__link\"><img decoding=\"async\" width=\"300\" height=\"300\" src=\"https:\/\/soundtonenergy.com\/wp-content\/uploads\/2025\/09\/ChatGPT-Image-13_22_32-28-thg-9-2025-300x300.png\" class=\"attachment-woocommerce_thumbnail size-woocommerce_thumbnail\" alt=\"Bess trong L\u0129nh V\u1ef1c Vi\u1ec5n Th\u00f4ng\" srcset=\"https:\/\/soundtonenergy.com\/wp-content\/uploads\/2025\/09\/ChatGPT-Image-13_22_32-28-thg-9-2025-300x300.png 300w, https:\/\/soundtonenergy.com\/wp-content\/uploads\/2025\/09\/ChatGPT-Image-13_22_32-28-thg-9-2025-1024x1024.png 1024w, https:\/\/soundtonenergy.com\/wp-content\/uploads\/2025\/09\/ChatGPT-Image-13_22_32-28-thg-9-2025-150x150.png 150w, https:\/\/soundtonenergy.com\/wp-content\/uploads\/2025\/09\/ChatGPT-Image-13_22_32-28-thg-9-2025-768x768.png 768w, https:\/\/soundtonenergy.com\/wp-content\/uploads\/2025\/09\/ChatGPT-Image-13_22_32-28-thg-9-2025-100x100.png 100w\" sizes=\"(max-width: 300px) 100vw, 300px\" \/><a href=\"https:\/\/soundtonenergy.com\/?product=bess-trong-linh-vuc-vien-thong\"><h2 class=\"woocommerce-loop-product__title\">Bess trong L\u0129nh V\u1ef1c Vi\u1ec5n Th\u00f4ng<\/h2><\/a>\n<\/a><a href=\"https:\/\/soundtonenergy.com\/?product=bess-trong-linh-vuc-vien-thong\" aria-describedby=\"woocommerce_loop_add_to_cart_link_describedby_1076\" data-quantity=\"1\" class=\"button aux-ajax-add-to-cart product_type_simple\" data-product_id=\"1076\" data-product_sku=\"\" aria-label=\"\u0110\u1ecdc th\u00eam v\u1ec1 &ldquo;Bess trong L\u0129nh V\u1ef1c Vi\u1ec5n Th\u00f4ng&rdquo;\" rel=\"nofollow\" data-success_message=\"\" data-product-type=\"simple\" data-verify_nonce=\"09ed466403\">\u0110\u1ecdc ti\u1ebfp<\/a>\t<span id=\"woocommerce_loop_add_to_cart_link_describedby_1076\" class=\"screen-reader-text\">\n\t\t\t<\/span>\n<\/li>\n<li class=\"product type-product post-1074 status-publish outofstock product_cat-bess-cho-linh-vuc-vien-thong-va-data-center has-post-thumbnail virtual product-type-simple aux-remove-view-cart\">\n\t<a href=\"https:\/\/soundtonenergy.com\/?product=bess-cho-linh-vuc-vien-thong-va-data-center\" class=\"woocommerce-LoopProduct-link woocommerce-loop-product__link\"><img decoding=\"async\" width=\"291\" height=\"163\" src=\"https:\/\/soundtonenergy.com\/wp-content\/uploads\/2025\/09\/Anh7.jpg\" class=\"attachment-woocommerce_thumbnail size-woocommerce_thumbnail\" alt=\"BESS cho l\u0129nh v\u1ef1c vi\u1ec5n th\u00f4ng v\u00e0 Data Center\" srcset=\"https:\/\/soundtonenergy.com\/wp-content\/uploads\/2025\/09\/Anh7.jpg 291w, https:\/\/soundtonenergy.com\/wp-content\/uploads\/2025\/09\/Anh7-200x112.jpg 200w\" sizes=\"(max-width: 291px) 100vw, 291px\" \/><a href=\"https:\/\/soundtonenergy.com\/?product=bess-cho-linh-vuc-vien-thong-va-data-center\"><h2 class=\"woocommerce-loop-product__title\">BESS cho l\u0129nh v\u1ef1c vi\u1ec5n th\u00f4ng v\u00e0 Data Center<\/h2><\/a>\n<\/a><a href=\"https:\/\/soundtonenergy.com\/?product=bess-cho-linh-vuc-vien-thong-va-data-center\" aria-describedby=\"woocommerce_loop_add_to_cart_link_describedby_1074\" data-quantity=\"1\" class=\"button aux-ajax-add-to-cart product_type_simple\" data-product_id=\"1074\" data-product_sku=\"\" aria-label=\"\u0110\u1ecdc th\u00eam v\u1ec1 &ldquo;BESS cho l\u0129nh v\u1ef1c vi\u1ec5n th\u00f4ng v\u00e0 Data Center&rdquo;\" rel=\"nofollow\" data-success_message=\"\" data-product-type=\"simple\" data-verify_nonce=\"514847f572\">\u0110\u1ecdc ti\u1ebfp<\/a>\t<span id=\"woocommerce_loop_add_to_cart_link_describedby_1074\" class=\"screen-reader-text\">\n\t\t\t<\/span>\n<\/li>\n<\/ul>\n<\/div>\t\t\t\t<\/div>\n\t\t\t\t<\/div>\n\t\t\t\t\t<\/div>\n\t\t\t\t<\/div>\n\t\t\t\t<\/div>\n\t\t","protected":false},"excerpt":{"rendered":"<p>BESS cho l\u0129nh v\u1ef1c vi\u1ec5n th\u00f4ng v\u00e0 Data Center H\u1ec7 th\u1ed1ng BESS cho vi\u1ec5n th\u00f4ng \u0111\u01b0\u1ee3c l\u1eafp \u0111\u1eb7t t\u1ea1i c\u00e1c tr\u1ea1m BTS, k\u1ebft h\u1ee3p pin n\u0103ng l\u01b0\u1ee3ng m\u1eb7t tr\u1eddi, mang l\u1ea1i gi\u1ea3i ph\u00e1p ti\u1ebft ki\u1ec7m n\u0103ng l\u01b0\u1ee3ng v\u00e0 gi\u1ea3m r\u1ee7i ro so v\u1edbi vi\u1ec7c ch\u1ec9 ph\u1ee5 thu\u1ed9c v\u00e0o ngu\u1ed3n \u0111i\u1ec7n l\u01b0\u1edbi. \u0110\u1ed3ng th\u1eddi, BESS c\u00f2n [&hellip;]<\/p>\n","protected":false},"author":2,"featured_media":0,"parent":1088,"menu_order":0,"comment_status":"closed","ping_status":"closed","template":"elementor_header_footer","meta":{"_eb_attr":"","footnotes":""},"class_list":["post-1816","page","type-page","status-publish","hentry"],"_links":{"self":[{"href":"https:\/\/soundtonenergy.com\/index.php?rest_route=\/wp\/v2\/pages\/1816","targetHints":{"allow":["GET"]}}],"collection":[{"href":"https:\/\/soundtonenergy.com\/index.php?rest_route=\/wp\/v2\/pages"}],"about":[{"href":"https:\/\/soundtonenergy.com\/index.php?rest_route=\/wp\/v2\/types\/page"}],"author":[{"embeddable":true,"href":"https:\/\/soundtonenergy.com\/index.php?rest_route=\/wp\/v2\/users\/2"}],"replies":[{"embeddable":true,"href":"https:\/\/soundtonenergy.com\/index.php?rest_route=%2Fwp%2Fv2%2Fcomments&post=1816"}],"version-history":[{"count":4,"href":"https:\/\/soundtonenergy.com\/index.php?rest_route=\/wp\/v2\/pages\/1816\/revisions"}],"predecessor-version":[{"id":1820,"href":"https:\/\/soundtonenergy.com\/index.php?rest_route=\/wp\/v2\/pages\/1816\/revisions\/1820"}],"up":[{"embeddable":true,"href":"https:\/\/soundtonenergy.com\/index.php?rest_route=\/wp\/v2\/pages\/1088"}],"wp:attachment":[{"href":"https:\/\/soundtonenergy.com\/index.php?rest_route=%2Fwp%2Fv2%2Fmedia&parent=1816"}],"curies":[{"name":"wp","href":"https:\/\/api.w.org\/{rel}","templated":true}]}}