{"id":2250,"date":"2025-10-02T06:52:55","date_gmt":"2025-10-02T06:52:55","guid":{"rendered":"https:\/\/soundtonenergy.com\/?page_id=2250"},"modified":"2025-10-02T06:53:30","modified_gmt":"2025-10-02T06:53:30","slug":"smart-lighting-system","status":"publish","type":"page","link":"https:\/\/soundtonenergy.com\/?page_id=2250&lang=en","title":{"rendered":"Smart Lighting System"},"content":{"rendered":"\t\t<div data-elementor-type=\"wp-page\" data-elementor-id=\"2250\" class=\"elementor elementor-2250\" data-elementor-post-type=\"page\">\n\t\t\t\t<div class=\"aux-parallax-section has_ae_slider elementor-element elementor-element-70849f4e e-flex e-con-boxed ae-bg-gallery-type-default e-con e-parent\" data-particle_enable=\"false\" data-particle-mobile-disabled=\"false\" data-id=\"70849f4e\" data-element_type=\"container\" id=\"xs_blog_light_post_img_8\" data-settings=\"{&quot;background_background&quot;:&quot;classic&quot;}\">\n\t\t\t\t\t<div class=\"e-con-inner\">\n\t\t\t\t<div class=\"elementor-element elementor-element-5afb8188 elementor-widget elementor-widget-elementskit-heading\" data-id=\"5afb8188\" data-element_type=\"widget\" data-widget_type=\"elementskit-heading.default\">\n\t\t\t\t<div class=\"elementor-widget-container\">\n\t\t\t\t\t<div class=\"ekit-wid-con\" ><div class=\"ekit-heading elementskit-section-title-wraper center   ekit_heading_tablet-   ekit_heading_mobile-\"><h2 class=\"ekit-heading--title elementskit-section-title \">Smart Lighting System<\/h2><div class=\"ekit_heading_separetor_wraper ekit_heading_elementskit-border-divider ekit-dotted\"><div class=\"elementskit-border-divider ekit-dotted\"><\/div><\/div>\t\t\t\t<div class='ekit-heading__description'>\n\t\t\t\t\t<p>The smart lighting system includes solar-powered lights, energy storage units, and control devices via smartphones, computers, sensors, etc., all connected into a SMART SYSTEM. Stavian ES\u2019s solution helps save up to 56% of investment costs, reduce operating expenses by 80%, and supports businesses in achieving Green Energy certification.<\/p>\n\t\t\t\t<\/div>\n\t\t\t<\/div><\/div>\t\t\t\t<\/div>\n\t\t\t\t<\/div>\n\t\t\t\t\t<\/div>\n\t\t\t\t<\/div>\n\t\t<div class=\"aux-parallax-section has_ae_slider elementor-element elementor-element-932023e e-flex e-con-boxed ae-bg-gallery-type-default e-con e-parent\" data-particle_enable=\"false\" data-particle-mobile-disabled=\"false\" data-id=\"932023e\" data-element_type=\"container\">\n\t\t\t\t\t<div class=\"e-con-inner\">\n\t\t\t\t<div class=\"elementor-element elementor-element-ffb7845 elementor-widget elementor-widget-aux_product_grid\" data-id=\"ffb7845\" data-element_type=\"widget\" data-settings=\"{&quot;columns&quot;:&quot;4&quot;}\" data-widget_type=\"aux_product_grid.default\">\n\t\t\t\t<div class=\"elementor-widget-container\">\n\t\t\t\t\t<div class='woocommerce woocommerce-page aux-shop-archive'><ul class=\"products columns-4\">\n<li class=\"product type-product post-1082 status-publish first outofstock product_cat-he-thong-chieu-sang-thong-minh has-post-thumbnail virtual product-type-simple aux-remove-view-cart\">\n\t<a href=\"https:\/\/soundtonenergy.com\/?product=den-san-vuon-02\" class=\"woocommerce-LoopProduct-link woocommerce-loop-product__link\"><img fetchpriority=\"high\" decoding=\"async\" width=\"300\" height=\"300\" src=\"https:\/\/soundtonenergy.com\/wp-content\/uploads\/2025\/09\/bs_2_2_3f733fb2c4ae4e15915c5bc0b122f323_master-300x300.webp\" class=\"attachment-woocommerce_thumbnail size-woocommerce_thumbnail\" alt=\"\u0110\u00e8n S\u00e2n V\u01b0\u1eddn 02\" srcset=\"https:\/\/soundtonenergy.com\/wp-content\/uploads\/2025\/09\/bs_2_2_3f733fb2c4ae4e15915c5bc0b122f323_master-300x300.webp 300w, https:\/\/soundtonenergy.com\/wp-content\/uploads\/2025\/09\/bs_2_2_3f733fb2c4ae4e15915c5bc0b122f323_master-1024x1024.webp 1024w, https:\/\/soundtonenergy.com\/wp-content\/uploads\/2025\/09\/bs_2_2_3f733fb2c4ae4e15915c5bc0b122f323_master-150x150.webp 150w, https:\/\/soundtonenergy.com\/wp-content\/uploads\/2025\/09\/bs_2_2_3f733fb2c4ae4e15915c5bc0b122f323_master-768x768.webp 768w, https:\/\/soundtonenergy.com\/wp-content\/uploads\/2025\/09\/bs_2_2_3f733fb2c4ae4e15915c5bc0b122f323_master-1536x1536.webp 1536w, https:\/\/soundtonenergy.com\/wp-content\/uploads\/2025\/09\/bs_2_2_3f733fb2c4ae4e15915c5bc0b122f323_master-200x200.webp 200w, https:\/\/soundtonenergy.com\/wp-content\/uploads\/2025\/09\/bs_2_2_3f733fb2c4ae4e15915c5bc0b122f323_master-600x600.webp 600w, https:\/\/soundtonenergy.com\/wp-content\/uploads\/2025\/09\/bs_2_2_3f733fb2c4ae4e15915c5bc0b122f323_master-100x100.webp 100w, https:\/\/soundtonenergy.com\/wp-content\/uploads\/2025\/09\/bs_2_2_3f733fb2c4ae4e15915c5bc0b122f323_master.webp 2048w\" sizes=\"(max-width: 300px) 100vw, 300px\" \/><a href=\"https:\/\/soundtonenergy.com\/?product=den-san-vuon-02\"><h2 class=\"woocommerce-loop-product__title\">\u0110\u00e8n S\u00e2n V\u01b0\u1eddn 02<\/h2><\/a>\n<\/a><a href=\"https:\/\/soundtonenergy.com\/?product=den-san-vuon-02\" aria-describedby=\"woocommerce_loop_add_to_cart_link_describedby_1082\" data-quantity=\"1\" class=\"button aux-ajax-add-to-cart product_type_simple\" data-product_id=\"1082\" data-product_sku=\"\" aria-label=\"\u0110\u1ecdc th\u00eam v\u1ec1 &ldquo;\u0110\u00e8n S\u00e2n V\u01b0\u1eddn 02&rdquo;\" rel=\"nofollow\" data-success_message=\"\" data-product-type=\"simple\" data-verify_nonce=\"fb87e8ba35\">\u0110\u1ecdc ti\u1ebfp<\/a>\t<span id=\"woocommerce_loop_add_to_cart_link_describedby_1082\" class=\"screen-reader-text\">\n\t\t\t<\/span>\n<\/li>\n<li class=\"product type-product post-1080 status-publish outofstock product_cat-he-thong-chieu-sang-thong-minh has-post-thumbnail virtual product-type-simple aux-remove-view-cart\">\n\t<a href=\"https:\/\/soundtonenergy.com\/?product=den-san-vuon-01\" class=\"woocommerce-LoopProduct-link woocommerce-loop-product__link\"><img decoding=\"async\" width=\"300\" height=\"300\" src=\"https:\/\/soundtonenergy.com\/wp-content\/uploads\/2025\/09\/bs4_fix2_c64984fc402f44aeb62904fe210cd108_master-300x300.webp\" class=\"attachment-woocommerce_thumbnail size-woocommerce_thumbnail\" alt=\"\u0110\u00e8n S\u00e2n V\u01b0\u1eddn 01\" srcset=\"https:\/\/soundtonenergy.com\/wp-content\/uploads\/2025\/09\/bs4_fix2_c64984fc402f44aeb62904fe210cd108_master-300x300.webp 300w, https:\/\/soundtonenergy.com\/wp-content\/uploads\/2025\/09\/bs4_fix2_c64984fc402f44aeb62904fe210cd108_master-1024x1024.webp 1024w, https:\/\/soundtonenergy.com\/wp-content\/uploads\/2025\/09\/bs4_fix2_c64984fc402f44aeb62904fe210cd108_master-150x150.webp 150w, https:\/\/soundtonenergy.com\/wp-content\/uploads\/2025\/09\/bs4_fix2_c64984fc402f44aeb62904fe210cd108_master-768x768.webp 768w, https:\/\/soundtonenergy.com\/wp-content\/uploads\/2025\/09\/bs4_fix2_c64984fc402f44aeb62904fe210cd108_master-1536x1536.webp 1536w, https:\/\/soundtonenergy.com\/wp-content\/uploads\/2025\/09\/bs4_fix2_c64984fc402f44aeb62904fe210cd108_master-200x200.webp 200w, https:\/\/soundtonenergy.com\/wp-content\/uploads\/2025\/09\/bs4_fix2_c64984fc402f44aeb62904fe210cd108_master-600x600.webp 600w, https:\/\/soundtonenergy.com\/wp-content\/uploads\/2025\/09\/bs4_fix2_c64984fc402f44aeb62904fe210cd108_master-100x100.webp 100w, https:\/\/soundtonenergy.com\/wp-content\/uploads\/2025\/09\/bs4_fix2_c64984fc402f44aeb62904fe210cd108_master.webp 2048w\" sizes=\"(max-width: 300px) 100vw, 300px\" \/><a href=\"https:\/\/soundtonenergy.com\/?product=den-san-vuon-01\"><h2 class=\"woocommerce-loop-product__title\">\u0110\u00e8n S\u00e2n V\u01b0\u1eddn 01<\/h2><\/a>\n<\/a><a href=\"https:\/\/soundtonenergy.com\/?product=den-san-vuon-01\" aria-describedby=\"woocommerce_loop_add_to_cart_link_describedby_1080\" data-quantity=\"1\" class=\"button aux-ajax-add-to-cart product_type_simple\" data-product_id=\"1080\" data-product_sku=\"\" aria-label=\"\u0110\u1ecdc th\u00eam v\u1ec1 &ldquo;\u0110\u00e8n S\u00e2n V\u01b0\u1eddn 01&rdquo;\" rel=\"nofollow\" data-success_message=\"\" data-product-type=\"simple\" data-verify_nonce=\"9da3626625\">\u0110\u1ecdc ti\u1ebfp<\/a>\t<span id=\"woocommerce_loop_add_to_cart_link_describedby_1080\" class=\"screen-reader-text\">\n\t\t\t<\/span>\n<\/li>\n<\/ul>\n<\/div>\t\t\t\t<\/div>\n\t\t\t\t<\/div>\n\t\t\t\t\t<\/div>\n\t\t\t\t<\/div>\n\t\t\t\t<\/div>\n\t\t","protected":false},"excerpt":{"rendered":"<p>Smart Lighting System The smart lighting system includes solar-powered lights, energy storage units, and control devices via smartphones, computers, sensors, etc., all connected into a SMART SYSTEM. Stavian ES\u2019s solution helps save up to 56% of investment costs, reduce operating expenses by 80%, and supports businesses in achieving Green Energy certification. \u0110\u00e8n S\u00e2n V\u01b0\u1eddn 02 [&hellip;]<\/p>\n","protected":false},"author":2,"featured_media":0,"parent":2206,"menu_order":0,"comment_status":"closed","ping_status":"closed","template":"elementor_header_footer","meta":{"_eb_attr":"","footnotes":""},"class_list":["post-2250","page","type-page","status-publish","hentry"],"_links":{"self":[{"href":"https:\/\/soundtonenergy.com\/index.php?rest_route=\/wp\/v2\/pages\/2250","targetHints":{"allow":["GET"]}}],"collection":[{"href":"https:\/\/soundtonenergy.com\/index.php?rest_route=\/wp\/v2\/pages"}],"about":[{"href":"https:\/\/soundtonenergy.com\/index.php?rest_route=\/wp\/v2\/types\/page"}],"author":[{"embeddable":true,"href":"https:\/\/soundtonenergy.com\/index.php?rest_route=\/wp\/v2\/users\/2"}],"replies":[{"embeddable":true,"href":"https:\/\/soundtonenergy.com\/index.php?rest_route=%2Fwp%2Fv2%2Fcomments&post=2250"}],"version-history":[{"count":4,"href":"https:\/\/soundtonenergy.com\/index.php?rest_route=\/wp\/v2\/pages\/2250\/revisions"}],"predecessor-version":[{"id":2254,"href":"https:\/\/soundtonenergy.com\/index.php?rest_route=\/wp\/v2\/pages\/2250\/revisions\/2254"}],"up":[{"embeddable":true,"href":"https:\/\/soundtonenergy.com\/index.php?rest_route=\/wp\/v2\/pages\/2206"}],"wp:attachment":[{"href":"https:\/\/soundtonenergy.com\/index.php?rest_route=%2Fwp%2Fv2%2Fmedia&parent=2250"}],"curies":[{"name":"wp","href":"https:\/\/api.w.org\/{rel}","templated":true}]}}