{"id":1086,"date":"2025-09-02T15:19:13","date_gmt":"2025-09-02T15:19:13","guid":{"rendered":"https:\/\/soundtonenergy.com\/?post_type=product&#038;p=1086"},"modified":"2025-09-02T15:19:13","modified_gmt":"2025-09-02T15:19:13","slug":"cap-dien-he-luu-tru-nang-luong-tai-tao","status":"publish","type":"product","link":"https:\/\/soundtonenergy.com\/?product=cap-dien-he-luu-tru-nang-luong-tai-tao","title":{"rendered":"C\u00e1p \u0110i\u1ec7n H\u1ec7 L\u01b0u Tr\u1eef N\u0103ng L\u01b0\u1ee3ng T\u00e1i T\u1ea1o"},"content":{"rendered":"<h2>T\u00ednh n\u0103ng ch\u00ednh<\/h2>\n<ul>\n<li><strong>Thi\u1ebft k\u1ebf nh\u1ecf g\u1ecdn v\u00e0 d\u1ea1ng m\u00f4-\u0111un:<\/strong>\u00a0215 kWh trong t\u1ee7 t\u1ea5t c\u1ea3 trong m\u1ed9t, d\u1ec5 d\u00e0ng l\u1eafp \u0111\u1eb7t v\u00e0 m\u1edf r\u1ed9ng khi nhu c\u1ea7u n\u0103ng l\u01b0\u1ee3ng c\u1ee7a b\u1ea1n t\u0103ng l\u00ean.<\/li>\n<li><strong>Tu\u1ed5i th\u1ecd d\u00e0i:<\/strong>\u00a0\u0110\u01b0\u1ee3c thi\u1ebft k\u1ebf cho 6.000 chu k\u1ef3 (\u1edf 25\u00b0C v\u00e0 \u0111\u1ed9 s\u00e2u x\u1ea3 90%), \u0111\u1ea3m b\u1ea3o tu\u1ed5i th\u1ecd d\u00e0i v\u00e0 gi\u1ea3m nhu c\u1ea7u thay th\u1ebf th\u01b0\u1eddng xuy\u00ean.<\/li>\n<li><strong>Hi\u1ec7u su\u1ea5t cao:<\/strong>\u00a0\u0110\u1ea1t \u0111\u01b0\u1ee3c hi\u1ec7u su\u1ea5t cao, t\u1ed1i \u0111a h\u00f3a vi\u1ec7c s\u1eed d\u1ee5ng n\u0103ng l\u01b0\u1ee3ng v\u00e0 gi\u1ea3m thi\u1ec3u t\u1ed5n th\u1ea5t n\u0103ng l\u01b0\u1ee3ng trong qu\u00e1 tr\u00ecnh s\u1ea1c v\u00e0 x\u1ea3. \u0110i\u1ec1u n\u00e0y d\u1eabn \u0111\u1ebfn chi ph\u00ed v\u1eadn h\u00e0nh th\u1ea5p h\u01a1n v\u00e0 l\u1ee3i t\u1ee9c \u0111\u1ea7u t\u01b0 t\u1ed1t h\u01a1n.<\/li>\n<li><strong>C\u00f4ng su\u1ea5t \u0111\u1ea7u ra cao:<\/strong>\u00a0Cung c\u1ea5p c\u00f4ng su\u1ea5t li\u00ean t\u1ee5c t\u1ed1i \u0111a 100 kW, 120% trong \u0111i\u1ec1u ki\u1ec7n qu\u00e1 t\u1ea3i, cung c\u1ea5p \u0111\u1ee7 c\u00f4ng su\u1ea5t cho nhi\u1ec1u \u1ee9ng d\u1ee5ng th\u01b0\u01a1ng m\u1ea1i v\u00e0 c\u00f4ng nghi\u1ec7p kh\u00e1c nhau. \u0110i\u1ec1u n\u00e0y cho ph\u00e9p s\u1ea1c v\u00e0 x\u1ea3 nhanh, ph\u00f9 h\u1ee3p \u0111\u1ec3 c\u1eaft \u0111\u1ec9nh, ph\u00e2n b\u1ed5 n\u0103ng l\u01b0\u1ee3ng v\u00e0 c\u00e1c \u1ee9ng d\u1ee5ng kh\u00e1c y\u00eau c\u1ea7u c\u00f4ng su\u1ea5t \u0111\u1ea7u ra cao.<\/li>\n<li><strong>An to\u00e0n h\u1ec7 th\u1ed1ng:\u00a0<\/strong>K\u1ebft h\u1ee3p c\u00e1c t\u00ednh n\u0103ng an to\u00e0n ti\u00ean ti\u1ebfn nh\u01b0 h\u1ec7 th\u1ed1ng qu\u1ea3n l\u00fd nhi\u1ec7t, b\u1ea3o v\u1ec7 qu\u00e1 d\u00f2ng v\u00e0 h\u1ec7 th\u1ed1ng ch\u1eefa ch\u00e1y \u0111\u1ec3 \u0111\u1ea3m b\u1ea3o ho\u1ea1t \u0111\u1ed9ng an to\u00e0n v\u00e0 \u0111\u00e1ng tin c\u1eady. C\u00e1c t\u00ednh n\u0103ng n\u00e0y gi\u00fap ng\u0103n ng\u1eeba s\u1ef1 m\u1ea5t ki\u1ec3m so\u00e1t nhi\u1ec7t, \u0111o\u1ea3n m\u1ea1ch v\u00e0 c\u00e1c m\u1ed1i nguy hi\u1ec3m an to\u00e0n kh\u00e1c.<\/li>\n<\/ul>\n<p><strong>H\u1ec7 th\u1ed1ng qu\u1ea3n l\u00fd pin (BMS):<\/strong>\u00a0\u0110\u01b0\u1ee3c trang b\u1ecb BMS theo d\u00f5i v\u00e0 qu\u1ea3n l\u00fd \u0111i\u1ec7n \u00e1p, nhi\u1ec7t \u0111\u1ed9 v\u00e0 d\u00f2ng \u0111i\u1ec7n c\u1ee7a cell pin. BMS gi\u00fap duy tr\u00ec hi\u1ec7u su\u1ea5t pin t\u1ed1i \u01b0u, ng\u0103n ng\u1eeba s\u1ea1c qu\u00e1 m\u1ee9c v\u00e0 x\u1ea3 qu\u00e1 m\u1ee9c, \u0111\u1ed3ng th\u1eddi \u0111\u1ea3m b\u1ea3o ho\u1ea1t \u0111\u1ed9ng an to\u00e0n.<\/p>\n<h2><strong>T\u00ednh n\u0103ng b\u1ed5 sung<\/strong><\/h2>\n<ul>\n<li><strong>\u0110i\u1ec1u ki\u1ec7n ho\u1ea1t \u0111\u1ed9ng m\u00f4i tr\u01b0\u1eddng:<\/strong>\u00a0H\u1ec7 th\u1ed1ng \u0111\u01b0\u1ee3c thi\u1ebft k\u1ebf \u0111\u1ec3 ho\u1ea1t \u0111\u1ed9ng trong nhi\u1ec1u \u0111i\u1ec1u ki\u1ec7n m\u00f4i tr\u01b0\u1eddng kh\u00e1c nhau, v\u1edbi ph\u1ea1m vi nhi\u1ec7t \u0111\u1ed9 t\u1eeb -15\u00b0C \u0111\u1ebfn 45\u00b0C.<\/li>\n<li><strong>C\u1ea5p \u0111\u1ed9 b\u1ea3o v\u1ec7:<\/strong>\u00a0H\u1ec7 th\u1ed1ng \u0111\u01b0\u1ee3c x\u1ebfp h\u1ea1ng IP54, cung c\u1ea5p kh\u1ea3 n\u0103ng b\u1ea3o v\u1ec7 ch\u1ed1ng b\u1ee5i v\u00e0 n\u01b0\u1edbc b\u1eafn v\u00e0o.<\/li>\n<li><strong>Giao th\u1ee9c truy\u1ec1n th\u00f4ng:<\/strong>\u00a0H\u1ed7 tr\u1ee3 c\u00e1c giao th\u1ee9c truy\u1ec1n th\u00f4ng Modbus RTU v\u00e0 Modbus TCP, cho ph\u00e9p t\u00edch h\u1ee3p li\u1ec1n m\u1ea1ch v\u1edbi c\u00e1c h\u1ec7 th\u1ed1ng v\u00e0 thi\u1ebft b\u1ecb kh\u00e1c.<\/li>\n<\/ul>\n","protected":false},"excerpt":{"rendered":"<p>Pin lithium s\u1eaft ph\u1ed1t ph\u00e1t d\u00f2ng 15KWh l\u00e0 s\u1ea3n ph\u1ea9m l\u01b0u tr\u1eef n\u0103ng l\u01b0\u1ee3ng m\u1edbi \u0111\u01b0\u1ee3c ph\u00e1t tri\u1ec3n v\u00e0 s\u1ea3n xu\u1ea5t b\u1edfi \u0111\u1ed9i ng\u0169 chuy\u00ean gia, cung c\u1ea5p ngu\u1ed3n \u0111i\u1ec7n \u0111\u00e1ng tin c\u1eady cho nhi\u1ec1u thi\u1ebft b\u1ecb v\u00e0 h\u1ec7 th\u1ed1ng kh\u00e1c nhau. D\u00f2ng s\u1ea3n ph\u1ea9m 15KWh \u0111\u01b0\u1ee3c trang b\u1ecb h\u1ec7 th\u1ed1ng qu\u1ea3n l\u00fd pin (BMS) t\u00edch h\u1ee3p, c\u00f3 kh\u1ea3 n\u0103ng qu\u1ea3n l\u00fd v\u00e0 gi\u00e1m s\u00e1t th\u00f4ng tin v\u1ec1 \u0111i\u1ec7n \u00e1p, d\u00f2ng \u0111i\u1ec7n, nhi\u1ec7t \u0111\u1ed9 v\u00e0 c\u00e1c th\u00f4ng s\u1ed1 kh\u00e1c c\u1ee7a pin.<\/p>\n","protected":false},"featured_media":1087,"template":"","meta":{"_eb_attr":""},"product_brand":[],"product_cat":[55],"product_tag":[],"class_list":{"0":"post-1086","1":"product","2":"type-product","3":"status-publish","4":"has-post-thumbnail","6":"product_cat-chua-phan-loai","8":"first","9":"outofstock","10":"virtual","11":"product-type-simple"},"_links":{"self":[{"href":"https:\/\/soundtonenergy.com\/index.php?rest_route=\/wp\/v2\/product\/1086","targetHints":{"allow":["GET"]}}],"collection":[{"href":"https:\/\/soundtonenergy.com\/index.php?rest_route=\/wp\/v2\/product"}],"about":[{"href":"https:\/\/soundtonenergy.com\/index.php?rest_route=\/wp\/v2\/types\/product"}],"version-history":[{"count":0,"href":"https:\/\/soundtonenergy.com\/index.php?rest_route=\/wp\/v2\/product\/1086\/revisions"}],"wp:featuredmedia":[{"embeddable":true,"href":"https:\/\/soundtonenergy.com\/index.php?rest_route=\/wp\/v2\/media\/1087"}],"wp:attachment":[{"href":"https:\/\/soundtonenergy.com\/index.php?rest_route=%2Fwp%2Fv2%2Fmedia&parent=1086"}],"wp:term":[{"taxonomy":"product_brand","embeddable":true,"href":"https:\/\/soundtonenergy.com\/index.php?rest_route=%2Fwp%2Fv2%2Fproduct_brand&post=1086"},{"taxonomy":"product_cat","embeddable":true,"href":"https:\/\/soundtonenergy.com\/index.php?rest_route=%2Fwp%2Fv2%2Fproduct_cat&post=1086"},{"taxonomy":"product_tag","embeddable":true,"href":"https:\/\/soundtonenergy.com\/index.php?rest_route=%2Fwp%2Fv2%2Fproduct_tag&post=1086"}],"curies":[{"name":"wp","href":"https:\/\/api.w.org\/{rel}","templated":true}]}}